{"id":31,"date":"2015-01-16T15:06:57","date_gmt":"2015-01-16T14:06:57","guid":{"rendered":"http:\/\/image-in-ntic.com\/site-wp\/wordpress\/?page_id=31"},"modified":"2017-06-07T18:00:49","modified_gmt":"2017-06-07T16:00:49","slug":"developpement-web-apps-mobile","status":"publish","type":"page","link":"https:\/\/www.image-in-ntic.com\/site-wp\/developpement-web-apps-mobile\/","title":{"rendered":"LE D\u00c9VELOPPEMENT"},"content":{"rendered":"<p><!-- [ms_slider id=\"140\" class=\"sliderChien\"] --><\/p>\n<div id=\"\" class=\" row\"><div class=\" col-md-8\" id=\"\" style=\"text-align:;\">\n<h2>D\u00e9veloppement internet, applicatif et mobile<\/h2>\n<p>Vers une homog\u00e9n\u00e9isation des applicatifs et des syst\u00e8mes<\/p>\n<ul>\n<li>D\u00e9veloppement CSharp pour Windows, Windows Phone et ASP.NET<\/li>\n<li>D\u00e9veloppement JAVA pour Linux, Andro\u00efd et J2EE.<\/li>\n<li>D\u00e9veloppement CMS expert (Prestashop, WordPress, Drupal, Jumla etc.)<\/li>\n<li>D\u00e9veloppement PHP natif<\/li>\n<li>D\u00e9veloppement JavasScript, jQuery<\/li>\n<li>D\u00e9veloppement HTML, CSS, XML<\/li>\n<\/ul>\n<\/div>\n<div class=\" col-md-4\" id=\"\" style=\"text-align:;\">\n<div id=\"attachment_image-page\" style=\"width: 310px\" class=\"wp-caption alignright\"><img loading=\"lazy\" decoding=\"async\" aria-describedby=\"caption-attachment-image-page\" class=\"alignnone size-medium wp-image-250\" src=\"http:\/\/image-in-ntic.com\/site-wp\/wp-content\/uploads\/2016\/05\/developpement-code-300x300.jpg\" alt=\"developpement-code\" width=\"300\" height=\"300\" srcset=\"https:\/\/www.image-in-ntic.com\/site-wp\/wp-content\/uploads\/2016\/05\/developpement-code-300x300.jpg 300w, https:\/\/www.image-in-ntic.com\/site-wp\/wp-content\/uploads\/2016\/05\/developpement-code-150x150.jpg 150w, https:\/\/www.image-in-ntic.com\/site-wp\/wp-content\/uploads\/2016\/05\/developpement-code-768x768.jpg 768w, https:\/\/www.image-in-ntic.com\/site-wp\/wp-content\/uploads\/2016\/05\/developpement-code-1024x1024.jpg 1024w, https:\/\/www.image-in-ntic.com\/site-wp\/wp-content\/uploads\/2016\/05\/developpement-code.jpg 1200w\" sizes=\"auto, (max-width: 300px) 100vw, 300px\" \/><p id=\"caption-attachment-image-page\" class=\"wp-caption-text\">Cr\u00e9dit image : image-in ntic &#8211; 2016<\/p><\/div>\n<\/div>\n<\/div>\n","protected":false},"excerpt":{"rendered":"","protected":false},"author":2,"featured_media":0,"parent":0,"menu_order":4,"comment_status":"closed","ping_status":"closed","template":"","meta":{"footnotes":""},"class_list":["post-31","page","type-page","status-publish","hentry"],"_links":{"self":[{"href":"https:\/\/www.image-in-ntic.com\/site-wp\/wp-json\/wp\/v2\/pages\/31","targetHints":{"allow":["GET"]}}],"collection":[{"href":"https:\/\/www.image-in-ntic.com\/site-wp\/wp-json\/wp\/v2\/pages"}],"about":[{"href":"https:\/\/www.image-in-ntic.com\/site-wp\/wp-json\/wp\/v2\/types\/page"}],"author":[{"embeddable":true,"href":"https:\/\/www.image-in-ntic.com\/site-wp\/wp-json\/wp\/v2\/users\/2"}],"replies":[{"embeddable":true,"href":"https:\/\/www.image-in-ntic.com\/site-wp\/wp-json\/wp\/v2\/comments?post=31"}],"version-history":[{"count":18,"href":"https:\/\/www.image-in-ntic.com\/site-wp\/wp-json\/wp\/v2\/pages\/31\/revisions"}],"predecessor-version":[{"id":253,"href":"https:\/\/www.image-in-ntic.com\/site-wp\/wp-json\/wp\/v2\/pages\/31\/revisions\/253"}],"wp:attachment":[{"href":"https:\/\/www.image-in-ntic.com\/site-wp\/wp-json\/wp\/v2\/media?parent=31"}],"curies":[{"name":"wp","href":"https:\/\/api.w.org\/{rel}","templated":true}]}}