{"id":26,"date":"2015-01-14T14:59:53","date_gmt":"2015-01-14T14:59:53","guid":{"rendered":"http:\/\/image-in-ntic.com\/site-wp\/wordpress\/?page_id=26"},"modified":"2016-05-24T14:33:24","modified_gmt":"2016-05-24T14:33:24","slug":"creation-graphique-infographie","status":"publish","type":"page","link":"https:\/\/www.image-in-ntic.com\/site-wp\/creation-graphique-infographie\/","title":{"rendered":"LA CR\u00c9ATION"},"content":{"rendered":"<div id=\"magee-slider-69d971c14149c\" class=\"carousel slide magee-slider sliderCrea\" data-ride=\"carousel\"><ol class=\"carousel-indicators\"><li data-target=\"#magee-slider-69d971c14149c\" data-slide-to=\"0\" class=\"active\"><\/li><li data-target=\"#magee-slider-69d971c14149c\" data-slide-to=\"1\" class=\"\"><\/li><\/ol><div class=\"carousel-inner\"><div class=\"item active\"><img decoding=\"async\" src=\"https:\/\/www.image-in-ntic.com\/site-wp\/wp-content\/uploads\/2016\/05\/slider-DESIGN.jpg\" alt=\"Cr\u00e9ation & Design multim\u00e9dia\" \/><div class=\"carousel-caption\">Art et m\u00e9thode se r\u00e9unissent pour soutenir l\\'expression et le positionnement...<\/div><\/div><div class=\"item \"><img decoding=\"async\" src=\"https:\/\/www.image-in-ntic.com\/site-wp\/wp-content\/uploads\/2016\/05\/slider-MOCKUP.jpg\" alt=\"\" \/><div class=\"carousel-caption\"><\/div><\/div><\/div><a class=\"left carousel-control\" href=\"#magee-slider-69d971c14149c\" data-slide=\"prev\"><span class=\"fa fa-angle-left\"><\/span><\/a><a class=\"right carousel-control\" href=\"#magee-slider-69d971c14149c\" data-slide=\"next\"><span class=\"fa fa-angle-right\"><\/span><\/a><\/div>\n<h2>Design graphique et ergonomie UX\/UI<\/h2>\n<p>Vous souhaitez red\u00e9finir\/moderniser votre image ? Ou tout simplement profiter de la puissance des nouveaux standards de l&rsquo;internet ? Vous envisagez de cr\u00e9er de nouveaux supports de communication qui optimisent votre charte graphique ?<\/p>\n<ul>\n<li>Design Web responsive<\/li>\n<li>Design mobile et applicatif<\/li>\n<li>Charte graphique multim\u00e9dia<\/li>\n<li>Ergonomie utilisateur (UI)<\/li>\n<li>Exp\u00e9rience utilisateur (UX)<\/li>\n<\/ul>\n<p>Une grande exp\u00e9rience dans l&rsquo;\u00e9dition Print me permet de prendre aussi en charge la cr\u00e9ation de divers support de communication.<\/p>\n<p><!-- [ms_popover title=\"test Popover\" triggering_text=\"Popover\" trigger=\"click\" placement=\"top\" class=\"\" id=\"\"]test le popover, test le popover...[\/ms_popover] --><\/p>\n","protected":false},"excerpt":{"rendered":"<p>Design graphique et ergonomie UX\/UI Vous souhaitez red\u00e9finir\/moderniser votre image ? Ou tout simplement profiter de la puissance des nouveaux standards de l&rsquo;internet ? Vous envisagez de cr\u00e9er de nouveaux supports de communication qui optimisent votre charte graphique ? Design Web responsive Design mobile et applicatif Charte graphique multim\u00e9dia Ergonomie utilisateur (UI) Exp\u00e9rience utilisateur (UX) [&hellip;]<\/p>\n","protected":false},"author":2,"featured_media":0,"parent":0,"menu_order":2,"comment_status":"closed","ping_status":"closed","template":"","meta":{"footnotes":""},"class_list":["post-26","page","type-page","status-publish","hentry"],"_links":{"self":[{"href":"https:\/\/www.image-in-ntic.com\/site-wp\/wp-json\/wp\/v2\/pages\/26","targetHints":{"allow":["GET"]}}],"collection":[{"href":"https:\/\/www.image-in-ntic.com\/site-wp\/wp-json\/wp\/v2\/pages"}],"about":[{"href":"https:\/\/www.image-in-ntic.com\/site-wp\/wp-json\/wp\/v2\/types\/page"}],"author":[{"embeddable":true,"href":"https:\/\/www.image-in-ntic.com\/site-wp\/wp-json\/wp\/v2\/users\/2"}],"replies":[{"embeddable":true,"href":"https:\/\/www.image-in-ntic.com\/site-wp\/wp-json\/wp\/v2\/comments?post=26"}],"version-history":[{"count":19,"href":"https:\/\/www.image-in-ntic.com\/site-wp\/wp-json\/wp\/v2\/pages\/26\/revisions"}],"predecessor-version":[{"id":241,"href":"https:\/\/www.image-in-ntic.com\/site-wp\/wp-json\/wp\/v2\/pages\/26\/revisions\/241"}],"wp:attachment":[{"href":"https:\/\/www.image-in-ntic.com\/site-wp\/wp-json\/wp\/v2\/media?parent=26"}],"curies":[{"name":"wp","href":"https:\/\/api.w.org\/{rel}","templated":true}]}}