{"id":2,"date":"2015-01-15T03:33:20","date_gmt":"2015-01-15T03:33:20","guid":{"rendered":"http:\/\/wp44m.a10-52-158-154.qa.plesk.ru\/wordpress\/?page_id=2"},"modified":"2016-05-24T17:41:25","modified_gmt":"2016-05-24T17:41:25","slug":"conception-architecture-methodologie","status":"publish","type":"page","link":"https:\/\/www.image-in-ntic.com\/site-wp\/conception-architecture-methodologie\/","title":{"rendered":"LA CONCEPTION"},"content":{"rendered":"<div id=\"magee-slider-69d2e99a414a1\" class=\"carousel slide magee-slider SliderConception\" data-ride=\"carousel\"><ol class=\"carousel-indicators\"><li data-target=\"#magee-slider-69d2e99a414a1\" data-slide-to=\"0\" class=\"active\"><\/li><li data-target=\"#magee-slider-69d2e99a414a1\" data-slide-to=\"1\" class=\"\"><\/li><\/ol><div class=\"carousel-inner\"><div class=\"item active\"><img decoding=\"async\" src=\"https:\/\/www.image-in-ntic.com\/site-wp\/wp-content\/uploads\/2016\/05\/slider-UML-1.jpg\" alt=\"\" \/><div class=\"carousel-caption\"><\/div><\/div><div class=\"item \"><img decoding=\"async\" src=\"https:\/\/www.image-in-ntic.com\/site-wp\/wp-content\/uploads\/2016\/05\/slider-SQL.jpg\" alt=\"\" \/><div class=\"carousel-caption\"><\/div><\/div><\/div><a class=\"left carousel-control\" href=\"#magee-slider-69d2e99a414a1\" data-slide=\"prev\"><span class=\"fa fa-angle-left\"><\/span><\/a><a class=\"right carousel-control\" href=\"#magee-slider-69d2e99a414a1\" data-slide=\"next\"><span class=\"fa fa-angle-right\"><\/span><\/a><\/div>\n<h2>Conception, architecture et m\u00e9thodologie<\/h2>\n<p>Vous voulez optimiser vos outils marketing ou Internet, int\u00e9grer de nouvelles fonctionnalit\u00e9s \u00e0 vos syst\u00e8mes ? Vous voulez dynamiser votre site Web pour \u00eatre 100% autonome ? Vous voulez donner de l&rsquo;agilit\u00e9 \u00e0 vos projets ?<\/p>\n<ul>\n<li>Modalisation des donn\u00e9es<\/li>\n<li>Repr\u00e9sentation UML<\/li>\n<li>Architecture applicative<\/li>\n<li>Reverse engineering<\/li>\n<\/ul>\n","protected":false},"excerpt":{"rendered":"<p>Conception, architecture et m\u00e9thodologie Vous voulez optimiser vos outils marketing ou Internet, int\u00e9grer de nouvelles fonctionnalit\u00e9s \u00e0 vos syst\u00e8mes ? Vous voulez dynamiser votre site Web pour \u00eatre 100% autonome ? Vous voulez donner de l&rsquo;agilit\u00e9 \u00e0 vos projets ? Modalisation des donn\u00e9es Repr\u00e9sentation UML Architecture applicative Reverse engineering<\/p>\n","protected":false},"author":2,"featured_media":0,"parent":0,"menu_order":3,"comment_status":"closed","ping_status":"closed","template":"","meta":{"footnotes":""},"class_list":["post-2","page","type-page","status-publish","hentry"],"_links":{"self":[{"href":"https:\/\/www.image-in-ntic.com\/site-wp\/wp-json\/wp\/v2\/pages\/2","targetHints":{"allow":["GET"]}}],"collection":[{"href":"https:\/\/www.image-in-ntic.com\/site-wp\/wp-json\/wp\/v2\/pages"}],"about":[{"href":"https:\/\/www.image-in-ntic.com\/site-wp\/wp-json\/wp\/v2\/types\/page"}],"author":[{"embeddable":true,"href":"https:\/\/www.image-in-ntic.com\/site-wp\/wp-json\/wp\/v2\/users\/2"}],"replies":[{"embeddable":true,"href":"https:\/\/www.image-in-ntic.com\/site-wp\/wp-json\/wp\/v2\/comments?post=2"}],"version-history":[{"count":11,"href":"https:\/\/www.image-in-ntic.com\/site-wp\/wp-json\/wp\/v2\/pages\/2\/revisions"}],"predecessor-version":[{"id":260,"href":"https:\/\/www.image-in-ntic.com\/site-wp\/wp-json\/wp\/v2\/pages\/2\/revisions\/260"}],"wp:attachment":[{"href":"https:\/\/www.image-in-ntic.com\/site-wp\/wp-json\/wp\/v2\/media?parent=2"}],"curies":[{"name":"wp","href":"https:\/\/api.w.org\/{rel}","templated":true}]}}