{"id":143,"date":"2016-01-13T13:44:03","date_gmt":"2016-01-13T13:44:03","guid":{"rendered":"http:\/\/image-in-ntic.com\/site-wp\/?page_id=143"},"modified":"2017-06-07T17:43:00","modified_gmt":"2017-06-07T15:43:00","slug":"votre-strategie","status":"publish","type":"page","link":"https:\/\/www.image-in-ntic.com\/site-wp\/votre-strategie\/","title":{"rendered":"B\u00c2TISSEUR DE STRAT\u00c9GIE"},"content":{"rendered":"<div class=\" col-md-8\" id=\"\" style=\"text-align:;\">\n<h3>La technologie du Web au service de tous !<\/h3>\n<ul>\n<li>\u00c9tude et conception et m\u00e9thodologie, architecture applicative etc.<\/li>\n<li>Design et cr\u00e9ation multim\u00e9dia, ergonomie et accessibilit\u00e9, UX\/UI<\/li>\n<li>D\u00e9veloppement Web et applications interactives (informatique, mobile&#8230;)<\/li>\n<li>D\u00e9veloppement CMS avanc\u00e9 (Prestashop, WordPress, etc.)<\/li>\n<\/ul>\n<h2>Mon parcours en quelques ligne<\/h2>\n<ul>\n<li>Concepteur\/d\u00e9veloppeur Objet (Web, applications, mobile)<\/li>\n<li>Designer UI\/UX<\/li>\n<li>D\u00e9veloppeur web<\/li>\n<li>Chef de projet IT (e-commerce)<\/li>\n<li>Formateur PAO<\/li>\n<li>Charg\u00e9 de communication<\/li>\n<\/ul>\n<\/div>\n<div class=\" col-md-4\" id=\"\" style=\"text-align:;\">\n<div id=\"attachment_102\" style=\"width: 310px\" class=\"wp-caption alignright\"><img loading=\"lazy\" decoding=\"async\" aria-describedby=\"caption-attachment-102\" class=\"alignnone size-medium wp-image-242\" src=\"http:\/\/image-in-ntic.com\/site-wp\/wp-content\/uploads\/2016\/05\/Strategie-gagnante-300x300.jpg\" alt=\"Strategie-gagnante\" width=\"300\" height=\"300\" srcset=\"https:\/\/www.image-in-ntic.com\/site-wp\/wp-content\/uploads\/2016\/05\/Strategie-gagnante-300x300.jpg 300w, https:\/\/www.image-in-ntic.com\/site-wp\/wp-content\/uploads\/2016\/05\/Strategie-gagnante-150x150.jpg 150w, https:\/\/www.image-in-ntic.com\/site-wp\/wp-content\/uploads\/2016\/05\/Strategie-gagnante-768x768.jpg 768w, https:\/\/www.image-in-ntic.com\/site-wp\/wp-content\/uploads\/2016\/05\/Strategie-gagnante.jpg 960w\" sizes=\"auto, (max-width: 300px) 100vw, 300px\" \/><p id=\"caption-attachment-102\" class=\"wp-caption-text\">Consulting &amp; d\u00e9veloppement web et multim\u00e9dia<\/p><\/div>\n<\/div>\n","protected":false},"excerpt":{"rendered":"","protected":false},"author":2,"featured_media":0,"parent":0,"menu_order":0,"comment_status":"closed","ping_status":"closed","template":"","meta":{"footnotes":""},"class_list":["post-143","page","type-page","status-publish","hentry"],"_links":{"self":[{"href":"https:\/\/www.image-in-ntic.com\/site-wp\/wp-json\/wp\/v2\/pages\/143","targetHints":{"allow":["GET"]}}],"collection":[{"href":"https:\/\/www.image-in-ntic.com\/site-wp\/wp-json\/wp\/v2\/pages"}],"about":[{"href":"https:\/\/www.image-in-ntic.com\/site-wp\/wp-json\/wp\/v2\/types\/page"}],"author":[{"embeddable":true,"href":"https:\/\/www.image-in-ntic.com\/site-wp\/wp-json\/wp\/v2\/users\/2"}],"replies":[{"embeddable":true,"href":"https:\/\/www.image-in-ntic.com\/site-wp\/wp-json\/wp\/v2\/comments?post=143"}],"version-history":[{"count":15,"href":"https:\/\/www.image-in-ntic.com\/site-wp\/wp-json\/wp\/v2\/pages\/143\/revisions"}],"predecessor-version":[{"id":267,"href":"https:\/\/www.image-in-ntic.com\/site-wp\/wp-json\/wp\/v2\/pages\/143\/revisions\/267"}],"wp:attachment":[{"href":"https:\/\/www.image-in-ntic.com\/site-wp\/wp-json\/wp\/v2\/media?parent=143"}],"curies":[{"name":"wp","href":"https:\/\/api.w.org\/{rel}","templated":true}]}}